{"id":3743,"date":"2022-12-15T11:08:24","date_gmt":"2022-12-15T08:08:24","guid":{"rendered":"http:\/\/timeksyalitim.com.tr\/home\/?post_type=product&#038;p=3743"},"modified":"2022-12-15T11:10:46","modified_gmt":"2022-12-15T08:10:46","slug":"tyvek-fire-curb","status":"publish","type":"product","link":"https:\/\/timeksyalitim.com.tr\/home\/product\/tyvek-fire-curb\/","title":{"rendered":"Tyvek Fire Curb"},"content":{"rendered":"<p>DuPont\u2122 Tyvek\u00ae FireCurb\u00ae \u00fcr\u00fcn\u00fc e\u015fsiz \u00f6zellikleri b\u00fcnyesinde bar\u0131nd\u0131rmaktad\u0131r. Uygulamada tutu\u015fma olmas\u0131 durumunda kendi kendine s\u00f6nme \u00f6zelli\u011fi bulunan geli\u015fmi\u015f bir sistemi i\u00e7eren FireCurb\u00b4ta yang\u0131n s\u00f6nd\u00fcr\u00fcc\u00fc \u00f6zelli\u011fi bar\u0131n\u0131r. \u00c7evresel etki anlam\u0131nda minimum \u00f6zellikler bar\u0131nd\u0131r\u0131r. Damlac\u0131k ve duman olu\u015fumundaki azaltmalar ve halojen i\u00e7ermeyen alev geciktirici bir kaplama i\u00e7in Timeks\u00b4ten toplu Tyvek Sipari\u015fi verebilirsiniz. Web sitemizde bulunan 0 216 575 25 10 numaras\u0131ndan bize ula\u015f\u0131m sa\u011flayabilir ve fiyat teklifi talep edebilirsiniz.<\/p>\n<p>Tyvek Fire Curb Dupont un en \u00fcst teknolojisiyle \u00fcretilen yang\u0131n geciktirici B1 s\u0131n\u0131f\u0131 nem bariyeri ve buhar dengeleyici \u00fcr\u00fcn\u00fcd\u00fcr. Yang\u0131n Y\u00f6netmeliklerine g\u00f6re 21.5m ve \u00fczeri yap\u0131larda aran\u0131lan Euroclass A2,s1,d0 \u015fart\u0131n\u0131 sa\u011flayan ilk ve tek buhar ge\u00e7irgen,nem bariyeri buhar dengeleyici yal\u0131t\u0131m \u00f6rt\u00fcs\u00fcd\u00fcr.<\/p>\n<p><strong>TYVEK FIRE CURB YANGINA DAYANIKLI NEM BAR\u0130YER\u0130<\/strong><\/p>\n<p>DuPont\u2122 Tyvek Fire Curb Housewrap yeni ve patentli teknolojiyi kullanan ticari ve mesken yap\u0131lar i\u00e7in alevi ilerletmeyen su yal\u0131t\u0131m \u00f6rt\u00fcs\u00fcd\u00fcr.<\/p>\n<p>DuPont\u2122 Tyvek FireCurb Housewrap tutu\u015ftu\u011funda kendi kendini s\u00f6nd\u00fcren hafif ve geli\u015fmi\u015f bir alevi ilerletmeyen su yal\u0131t\u0131m \u00f6rt\u00fcs\u00fcd\u00fcr. Minimum \u00e7evresel etkiyle damlac\u0131klar\u0131n ve duman\u0131n olu\u015fumunu azaltmak i\u00e7in halojensiz alevi ilerletmeyen bir tabaka kullan\u0131l\u0131r. T\u00fcm bu \u00f6zellikleriyle DuPont\u2122 Tyvek FireCurb cephelerde ta\u015f y\u00fcn\u00fc ile birlikte uyguland\u0131\u011f\u0131nda Euroclass A2,s1,d0 sertifikas\u0131na sahip ilk ve tek buhar ge\u00e7i\u015fine a\u00e7\u0131k su yal\u0131t\u0131m \u00f6rt\u00fcs\u00fcd\u00fcr.<\/p>\n<p><strong>Koruma i\u00e7in Yeni Standard\u0131 Belirler<\/strong><\/p>\n<p>Tyvek FireCurb Housewrap, Tyvek su yal\u0131t\u0131m \u00f6rt\u00fclerinin hava ve su ge\u00e7irmez ancak buhar ge\u00e7i\u015fine izin vererek nefes alma \u00f6zelliklerini al\u0131r ve bina g\u00fcvenli\u011fini belirgin derecede artt\u0131rabilen alevi ilerletmeyen \u00f6zellikleri ekler. Tyvek B1 nefes alan su yal\u0131t\u0131m \u00f6rt\u00fcleri, alevlerin yay\u0131lmas\u0131n\u0131 yava\u015flatmaya veya \u00f6nlemeye yard\u0131mc\u0131 olabilir, ki\u015filerin binadan tahliye s\u00fcresini geli\u015ftirir ve duvar elemanlar\u0131n\u0131n yang\u0131n derecesini artt\u0131rmaya da yard\u0131mc\u0131 olur. Bungalovlardan y\u00fcksek binalara kadar t\u00fcm bina t\u00fcrlerinde kullan\u0131m i\u00e7in uygun olan Tyvek FireCurb Housewrap g\u00fcvenebilece\u011finiz,di\u011ferlerinden \u00e7ok daha iyi ve uzun vadeli bir koruma \u00e7\u00f6z\u00fcm\u00fc sunar.<\/p>\n<p>Tyvek Supro Plus,Nem bariyeri,gebaude,triotex,wabis,su yal\u0131t\u0131m\u0131,buhar dengeleyici,buhar dengeleyici \u00f6rt\u00fc,tyvek solid,tyvek fire curb<\/p>\n<p><strong>Tyvek FireCurb Housewrap Faydalar\u0131<\/strong><\/p>\n<p>* Tyvek fire curb tutu\u015ftu\u011funda kendi kendini s\u00f6nd\u00fcr\u00fcr<br \/>\n* Tyvek fire curb yang\u0131n ba\u015flad\u0131\u011f\u0131nda damlac\u0131k olu\u015fturmaz ve alevlerin yay\u0131l\u0131m\u0131n\u0131 s\u0131n\u0131rland\u0131r\u0131r<br \/>\n* Tyvek fire curbYang\u0131n y\u00f6netmeliklerine g\u00f6re 21.5m ve \u00fczeri yap\u0131larda aran\u0131lan Euroclass A2,s1,d0 \u015fart\u0131n\u0131 sa\u011flayan ilk ve tek buhar ge\u00e7irgen yal\u0131t\u0131m \u00f6rt\u00fcs\u00fcd\u00fcr.<br \/>\n* Tyvek fire curb neredeyse ba\u015fka hi\u00e7bir su yal\u0131t\u0131m \u00f6rt\u00fcs\u00fcn\u00fcn ula\u015famayaca\u011f\u0131 Euroclass B (serbest as\u0131lan) s\u0131n\u0131fland\u0131rmas\u0131ndad\u0131r.<br \/>\n* Tyvek fire curb \u00e7evreye s\u0131n\u0131rl\u0131 etkisi olan halojensiz alevi ilerletmeyen bir tabaka ile yap\u0131lm\u0131\u015ft\u0131r<br \/>\n* Tyvek fire curb yang\u0131n geciktirme ilavesi ile mevcut Tyvek \u00fcr\u00fcn grubu ile ayn\u0131 faydalar\u0131 i\u00e7erir<br \/>\n* Tyvek fire curb Yang\u0131na \u00e7ok s\u0131n\u0131rl\u0131 katk\u0131 ile d\u00fc\u015f\u00fck yan\u0131c\u0131l\u0131k ssa\u011flar.<br \/>\n* Uzun vadeli yat\u0131r\u0131m korumas\u0131<br \/>\n* Uygulama s\u0131ras\u0131nda ve sonras\u0131nda daha fazla g\u00fcvenlik<br \/>\n* TSE EN 13501-1 Euroclass A2,s1,d0 sertifikas\u0131<\/p>\n<p><strong>DuPont Tyvek FireCurb Housewrap \u00d6zellikleri<\/strong><\/p>\n<p>* \u00dcr\u00fcn Tipi: 2066B<br \/>\n* Rulo Ebatlar\u0131: 1,5 x 50m<br \/>\n* Rulo a\u011f\u0131rl\u0131\u011f\u0131: 5,5kg<br \/>\n* Bile\u015fim: Alev geciktiricili kaplama ile ani \u0131s\u0131l ba\u011fl\u0131 doku HDPE<br \/>\n* Yang\u0131na tepki: EN 13501-1\u00b4e g\u00f6re (ta\u015fy\u00fcn\u00fcyle birlikte) A2-s1,d0<br \/>\n* S\u0131cakl\u0131k direnci: \u201340\u00b0C ila +100\u00b0C<br \/>\n* Su buhar\u0131 ge\u00e7i\u015f direnci (Sd): 0,014m<br \/>\n* Birim alan ba\u015f\u0131na k\u00fctle: 68g\/m2<br \/>\n* \u0130\u015flevsel katman kal\u0131nl\u0131\u011f\u0131: 175\u03bcm<br \/>\n* CE \u0130\u015fareti: Evet<\/p>\n<p><strong>CE-Uygunluk Sertifikas\u0131: Evet (0799-CPD-128)<\/strong><\/p>\n<p>Tyvek FireCurb alev geciktirici havaland\u0131rma membranlar\u0131 ile binalar daha g\u00fcvenlidir. T\u00fcm in\u015faat malzemeleri yang\u0131nda ayn\u0131 \u015fekilde davranmaz. Bir alev geciktirici havaland\u0131rma katman\u0131, bina sakinlerinin ka\u00e7mas\u0131 ve potansiyel olarak hayat kurtarmas\u0131 i\u00e7in zaman kazand\u0131rarak, bir binan\u0131n g\u00fcvenlik performans\u0131n\u0131 artt\u0131rmada kilit bir rol oynayabilir.<\/p>\n<p>DuPont un yang\u0131n geciktirici membranolarak \u00fcretti\u011fi , Tyvek FireCurb Housewrap &#8211; alev geciktirici havaland\u0131rma membranlar\u0131n\u0131 yeni ve patentli teknolojiyi kullanarak ve Avrupa Komisyonu taraf\u0131ndan belirlenen EuroClass B (EN13501-1) yang\u0131n reaksiyonu s\u0131n\u0131fland\u0131rmalar\u0131n\u0131 kar\u015f\u0131layarak geli\u015ftirdi. Su ge\u00e7irmez ancak buhar\u0131 a\u00e7\u0131k Tyvek nefes alabilir membranlara alev geciktirici madde ekleyen bu \u00fcr\u00fcn geli\u015ftirme, Tyvek Fire Curb havaland\u0131rma membranlar\u0131nda, standart yang\u0131n reaksiyon s\u0131n\u0131f\u0131 E\u00b4den Euroclass B\u00b4ye kadar bir kaymaya i\u015faret ediyor.<\/p>\n<p><strong>Avrupada EuroClass B ne ifade eder<\/strong><\/p>\n<p>Euroclass B, malzemelerin, yap\u0131 malzemelerinin ve yap\u0131 elemanlar\u0131n\u0131n yang\u0131na reaksiyonunu s\u0131n\u0131fland\u0131rmak i\u00e7in olu\u015fturulan EN13501-1 yang\u0131n reaksiyonu s\u0131n\u0131f sisteminin bir par\u00e7as\u0131d\u0131r ve \u0130ngiltere yang\u0131n s\u0131n\u0131f\u0131 sistemi BS476 Puan 6 veya 7\u00b4nin yerini almal\u0131d\u0131r.<\/p>\n<p>\u015eubat 2002\u00b4de EN13501-1 (Yap\u0131 malzemelerinin ve yang\u0131na tepki veren yap\u0131 elemanlar\u0131n\u0131n s\u0131n\u0131fland\u0131r\u0131lmas\u0131) bir Avrupa Standard\u0131 oldu. \u015eimdi \u00dcye Devletler bu yeni standard\u0131 uygulamal\u0131d\u0131r ve kabul edilme oran\u0131 de\u011fi\u015fken h\u0131zlarda olmas\u0131na ra\u011fmen, Avrupa pazar\u0131nda entegrasyon ve uyumla\u015ft\u0131rma y\u00f6n\u00fcnde bir harekete a\u00e7\u0131k bir ihtiya\u00e7 vard\u0131r.<\/p>\n<p>Son teknik literat\u00fcrde, ulusal yang\u0131n s\u0131n\u0131f\u0131 sistemleri genellikle Avrupa s\u0131n\u0131fland\u0131rmas\u0131yla kar\u0131\u015ft\u0131r\u0131lmaktad\u0131r. S\u0131n\u0131fland\u0131rman\u0131n arkas\u0131ndaki norma her zaman \u00f6zel dikkat g\u00f6sterilmelidir. \u015e\u00fcphe durumunda, bilgileri \u00fcreticiden alabilirsiniz. Euroclass F\u00b4nin \u201ctest edilmemi\u015f\u201d i\u00e7in kald\u0131\u011f\u0131 ve Euroclass E\u00b4nin test edilen \u00fcr\u00fcnlerin en d\u00fc\u015f\u00fck s\u0131n\u0131fland\u0131rmas\u0131n\u0131 temsil etti\u011fi belirtilmelidir.<\/p>\n<p><strong>TYVEK Alev alma ve Tek Yanan \u00d6\u011fe Testleri<\/strong><\/p>\n<p>Euroclass B, iki farkl\u0131 teste dayanarak in\u015faat \u00fcr\u00fcnlerinin yang\u0131n performans\u0131n\u0131 tan\u0131mlar. Euroclass B s\u0131n\u0131fland\u0131rmas\u0131n\u0131 elde etmek i\u00e7in, alev geciktirici havaland\u0131rma membranlar\u0131n\u0131n iki kategorideki test standartlar\u0131na uymas\u0131 gerekir: Tutu\u015fabilirlik Testi (EN ISO 11925 2) ve Tek Yanma Maddesi (SBI).<\/p>\n<p>Tutu\u015fabilirlik Testi, k\u00fc\u00e7\u00fck bir aleve maruz kald\u0131\u011f\u0131nda zar\u0131n yan\u0131c\u0131l\u0131\u011f\u0131n\u0131 g\u00f6sterir<br \/>\nTek Yanma Maddesi (SBI), bir \u00fcr\u00fcn\u00fcn bir yang\u0131na potansiyel katk\u0131s\u0131n\u0131 belirleyerek, o \u00fcr\u00fcn\u00fcn yak\u0131n\u0131nda bir oda k\u00f6\u015fesinde tek bir yanma maddesi sim\u00fcle eder<br \/>\nEuroClass B s\u0131n\u0131fland\u0131rmas\u0131 verilen malzemelerin \u00e7ok d\u00fc\u015f\u00fck tutu\u015fabilirlik, s\u0131n\u0131rl\u0131 veya hi\u00e7 yang\u0131na, d\u00fc\u015f\u00fck \u0131s\u0131 sal\u0131n\u0131m\u0131na ve d\u00fc\u015f\u00fck duman olu\u015fumuna katk\u0131s\u0131 olmad\u0131\u011f\u0131 kan\u0131tlanm\u0131\u015ft\u0131r. Buna kar\u015f\u0131l\u0131k, EuroClass E s\u0131n\u0131flamas\u0131na sahip malzemelerin sadece Ate\u015fleme Testi taraf\u0131ndan belirlenen standartlar\u0131 kar\u015f\u0131lamas\u0131 ve b\u00f6ylece bina sakinlerine yanan bir binadan ayr\u0131lmalar\u0131 i\u00e7in yeterli zaman tan\u0131nmas\u0131 gerekmektedir.<\/p>\n<p><strong>Piyasada \u015eu Anda Neler Var?<\/strong><\/p>\n<p>Bir\u00e7ok in\u015faat \u00fcr\u00fcn\u00fc, \u00fcr\u00fcn\u00fc daha kolay yan\u0131c\u0131 hale getirmek i\u00e7in tasarlanm\u0131\u015f bile\u015fenler i\u00e7erir ve bu t\u00fcr alev geciktiriciler, malzemenin k\u00fctlesine eklenebilir veya kurulumdan \u00f6nce veya sonra y\u00fczey \u00fczerinde<\/p>\n<p>bir kaplama olarak uygulanabilir. Bu tedaviler, yang\u0131n\u0131n \u00f6nlenmesinde veya bir kez olu\u015fturulduklar\u0131nda yang\u0131n\u0131n yay\u0131lmas\u0131n\u0131n yava\u015flat\u0131lmas\u0131nda \u00e7ok etkili olabilir ve bina sakinlerinin ka\u00e7mas\u0131 i\u00e7in daha fazla zaman sa\u011flar.<\/p>\n<p>Tyvek bu noktada Fire Curb alev geciktirici nem bariyeri ni \u00fcretti , k\u0131s\u0131tl\u0131 \u00e7evresel etki i\u00e7in \u00f6zel olarak geli\u015ftirilmi\u015f bir halojen i\u00e7ermeyen alev geciktirici kaplama kullan\u0131larak olu\u015fturulan kendi zor yanana birtabaka d\u0131r<\/p>\n<p><strong>Tyvek FireCurb Housewrap<\/strong><\/p>\n<p>Tyvek Yeni farkl\u0131 patentli teknolojisini kullanarak, Tyvek Fire Curb \u00fc geli\u015ftirmi\u015ftir FireCurb Tyvek mukavemetini ve su direncini koruyan,\u00e7at\u0131larda giydirme cephelerde ,\u00e7elik ve ah\u015fap konst\u00fcksiyonlarda kullan\u0131labilenyang\u0131n geciktirici \u00fcr\u00fcnd\u00fcr.<\/p>\n<p>Tyvek FireCurb \u00ae , Avrupa Komisyonu\u00b4nun in\u015faat \u00fcr\u00fcnleri direktifinin belirtti\u011fi gibi, bina ve yap\u0131mdaki artan gereksinimleri kar\u015f\u0131layan bir \u00e7\u00f6z\u00fcm sunar.<\/p>\n","protected":false},"excerpt":{"rendered":"<p>DuPont\u2122\u00a0<strong>Tyvek\u00ae FireCurb\u00ae<\/strong>\u00a0\u00fcr\u00fcn\u00fc e\u015fsiz \u00f6zellikleri b\u00fcnyesinde bar\u0131nd\u0131rmaktad\u0131r. Uygulamada tutu\u015fma olmas\u0131 durumunda kendi kendine s\u00f6nme \u00f6zelli\u011fi bulunan geli\u015fmi\u015f bir sistemi i\u00e7eren FireCurb\u00b4ta yang\u0131n s\u00f6nd\u00fcr\u00fcc\u00fc \u00f6zelli\u011fi bar\u0131n\u0131r.<\/p>\n","protected":false},"featured_media":3745,"comment_status":"open","ping_status":"closed","template":"","meta":[],"product_brand":[],"product_cat":[159],"product_tag":[500],"class_list":{"0":"post-3743","1":"product","2":"type-product","3":"status-publish","4":"has-post-thumbnail","6":"product_cat-cephe-ortusu","7":"product_tag-tyvek-fire-curb","9":"first","10":"instock","11":"taxable","12":"shipping-taxable","13":"product-type-simple"},"_links":{"self":[{"href":"https:\/\/timeksyalitim.com.tr\/home\/wp-json\/wp\/v2\/product\/3743","targetHints":{"allow":["GET"]}}],"collection":[{"href":"https:\/\/timeksyalitim.com.tr\/home\/wp-json\/wp\/v2\/product"}],"about":[{"href":"https:\/\/timeksyalitim.com.tr\/home\/wp-json\/wp\/v2\/types\/product"}],"replies":[{"embeddable":true,"href":"https:\/\/timeksyalitim.com.tr\/home\/wp-json\/wp\/v2\/comments?post=3743"}],"wp:featuredmedia":[{"embeddable":true,"href":"https:\/\/timeksyalitim.com.tr\/home\/wp-json\/wp\/v2\/media\/3745"}],"wp:attachment":[{"href":"https:\/\/timeksyalitim.com.tr\/home\/wp-json\/wp\/v2\/media?parent=3743"}],"wp:term":[{"taxonomy":"product_brand","embeddable":true,"href":"https:\/\/timeksyalitim.com.tr\/home\/wp-json\/wp\/v2\/product_brand?post=3743"},{"taxonomy":"product_cat","embeddable":true,"href":"https:\/\/timeksyalitim.com.tr\/home\/wp-json\/wp\/v2\/product_cat?post=3743"},{"taxonomy":"product_tag","embeddable":true,"href":"https:\/\/timeksyalitim.com.tr\/home\/wp-json\/wp\/v2\/product_tag?post=3743"}],"curies":[{"name":"wp","href":"https:\/\/api.w.org\/{rel}","templated":true}]}}