{"id":3754,"date":"2022-12-15T11:29:05","date_gmt":"2022-12-15T08:29:05","guid":{"rendered":"http:\/\/timeksyalitim.com.tr\/home\/?post_type=product&#038;p=3754"},"modified":"2022-12-15T11:51:48","modified_gmt":"2022-12-15T08:51:48","slug":"tyvek-supro-plus","status":"publish","type":"product","link":"https:\/\/timeksyalitim.com.tr\/home\/product\/tyvek-supro-plus\/","title":{"rendered":"Tyvek Supro Plus"},"content":{"rendered":"<p>Tyvek Supro Plus\u00a0| DuPont\u2122 Tyvek\u00ae Supro | Suya Diren\u00e7li Membran \u00fcr\u00fcn\u00fcne bakt\u0131\u011f\u0131m\u0131zda lamine polipropilen dokumas\u0131z \u00f6rt\u00fc ile g\u00fc\u00e7lendirildi\u011fini g\u00f6rmekteyiz. Suya dayan\u0131kl\u0131 olan ve diren\u00e7li olan bu \u00fcr\u00fcn hava ge\u00e7irmemektedir ancak su buhar\u0131n\u0131n ge\u00e7i\u015fine izin vermektedir. Dupont markas\u0131n\u0131n en pop\u00fcler \u00fcr\u00fcnlerinden olan SUPRO suya kar\u015f\u0131 olduk\u00e7a dayan\u0131kl\u0131 bir \u00fcr\u00fcnd\u00fcr. E\u011fimli olan t\u00fcm \u00e7at\u0131lar i\u00e7in uygun bir \u00fcr\u00fcn olan Supro, sa\u00e7ak alt\u0131, kiremit, mahya havaland\u0131rmas\u0131 gerektirmez.<\/p>\n<p><u><strong>Tyvek Supro \u00dcr\u00fcn \u00d6ne \u00c7\u0131kanlar\u0131<\/strong><\/u><\/p>\n<p>* W1 d\u00fczeyinde suya kar\u015f\u0131 dayan\u0131kl\u0131l\u0131\u011f\u0131 bulunmaktad\u0131r.<\/p>\n<p>* Nefes alan membran olarak an\u0131lan bu \u00fcr\u00fcn buhar ge\u00e7i\u015fine de izin vermektedir.<\/p>\n<p>* Uzun s\u00fcren UV radyasyonu ve y\u00fcksek derecelerdeki s\u0131cakl\u0131klara kar\u015f\u0131 dayan\u0131kl\u0131 bir \u00fcr\u00fcnd\u00fcr.<\/p>\n<p>* BBA ve IAB onay\u0131 bulunmaktad\u0131r. * Do\u011faya uygun olan ko\u015fullarda \u00fcretilmi\u015ftir.<\/p>\n<p>* Supro enerji tasarrufu konusunda artt\u0131r\u0131c\u0131 \u00f6zelli\u011fi bulunmakta ve hava ge\u00e7irmezli\u011fine de destek olmaktad\u0131r.<\/p>\n<p>* Supro \u00fcr\u00fcn\u00fc uyguland\u0131\u011f\u0131 alanlarda su ve nem kaynakl\u0131 hasarlara kar\u015f\u0131 koruyucudur.<\/p>\n<p>* \u00dcr\u00fcn t\u00fcm e\u011fimli \u00e7at\u0131larda uygulanabilen ve ayr\u0131ca baz\u0131 duvar uygulamalar\u0131nda da tercih edilebilen bir \u00fcr\u00fcnd\u00fcr.<\/p>\n<p>&nbsp;<\/p>\n<p><strong>DuPont Tyvek Supro \/ Tyvek Supro Plus Avantajlar\u0131<\/strong><\/p>\n<p>Suya son derece dayan\u0131kl\u0131<br \/>\nhava ge\u00e7irmez<br \/>\nBuhar ge\u00e7irgen<br \/>\nTicari ve konut binalar\u0131 i\u00e7in \u00fcst\u00fcn hava ve nem y\u00f6netimi sunar<br \/>\nUzun s\u00fcreli UV radyasyonuna ve y\u00fcksek s\u0131cakl\u0131klara dayan\u0131kl\u0131l\u0131k<\/p>\n<p>Tyvek Supro Plus,Nem bariyeri,gebaude,triotex,wabis,su yal\u0131t\u0131m\u0131,buhar dengeleyici,buhar dengeleyici \u00f6rt\u00fc,tyvek solid,tyvek fire curb<br \/>\n<strong><br \/>\nDuPont Tyvek Supro \/ Tyvek Supro Plus \u00d6zellikleri<\/strong><\/p>\n<p>Stil ad\u0131: 2507B<br \/>\nKompozisyon: Y\u00fcksek yo\u011funluklu polietilen, polipropilen bile\u015fimi<br \/>\nRulo boyutu: 1,5 m x 50 m<br \/>\nRulo a\u011f\u0131rl\u0131\u011f\u0131: 12kg<br \/>\nBirim alan ba\u015f\u0131na k\u00fctle: 145g \/ m2<br \/>\nUV maruziyeti: 4 ay<br \/>\n\u00dcr\u00fcn \/ fonksiyonel katman kal\u0131nl\u0131\u011f\u0131: 450 \/ 175\u00b5m<br \/>\nSu buhar\u0131 iletimi (Sd): 0,20m<br \/>\nBBA sertifikas\u0131: 08\/4548<br \/>\nCE \u0130\u015fareti: Evet<br \/>\nIAB sertifikas\u0131: 04\/0157<\/p>\n","protected":false},"excerpt":{"rendered":"<p>Tyvek Supro Plus\u00a0| DuPont\u2122 Tyvek\u00ae Supro | Suya Diren\u00e7li Membran \u00fcr\u00fcn\u00fcne bakt\u0131\u011f\u0131m\u0131zda lamine polipropilen dokumas\u0131z \u00f6rt\u00fc ile g\u00fc\u00e7lendirildi\u011fini g\u00f6rmekteyiz.<\/p>\n","protected":false},"featured_media":3758,"comment_status":"open","ping_status":"closed","template":"","meta":[],"product_brand":[],"product_cat":[159],"product_tag":[503],"class_list":{"0":"post-3754","1":"product","2":"type-product","3":"status-publish","4":"has-post-thumbnail","6":"product_cat-cephe-ortusu","7":"product_tag-tyvek-supro-plus","9":"first","10":"instock","11":"taxable","12":"shipping-taxable","13":"product-type-simple"},"_links":{"self":[{"href":"https:\/\/timeksyalitim.com.tr\/home\/wp-json\/wp\/v2\/product\/3754","targetHints":{"allow":["GET"]}}],"collection":[{"href":"https:\/\/timeksyalitim.com.tr\/home\/wp-json\/wp\/v2\/product"}],"about":[{"href":"https:\/\/timeksyalitim.com.tr\/home\/wp-json\/wp\/v2\/types\/product"}],"replies":[{"embeddable":true,"href":"https:\/\/timeksyalitim.com.tr\/home\/wp-json\/wp\/v2\/comments?post=3754"}],"wp:featuredmedia":[{"embeddable":true,"href":"https:\/\/timeksyalitim.com.tr\/home\/wp-json\/wp\/v2\/media\/3758"}],"wp:attachment":[{"href":"https:\/\/timeksyalitim.com.tr\/home\/wp-json\/wp\/v2\/media?parent=3754"}],"wp:term":[{"taxonomy":"product_brand","embeddable":true,"href":"https:\/\/timeksyalitim.com.tr\/home\/wp-json\/wp\/v2\/product_brand?post=3754"},{"taxonomy":"product_cat","embeddable":true,"href":"https:\/\/timeksyalitim.com.tr\/home\/wp-json\/wp\/v2\/product_cat?post=3754"},{"taxonomy":"product_tag","embeddable":true,"href":"https:\/\/timeksyalitim.com.tr\/home\/wp-json\/wp\/v2\/product_tag?post=3754"}],"curies":[{"name":"wp","href":"https:\/\/api.w.org\/{rel}","templated":true}]}}