{"id":3755,"date":"2022-12-15T11:29:08","date_gmt":"2022-12-15T08:29:08","guid":{"rendered":"http:\/\/timeksyalitim.com.tr\/home\/?post_type=product&#038;p=3755"},"modified":"2022-12-15T11:40:11","modified_gmt":"2022-12-15T08:40:11","slug":"tyvek-airguard-reflective","status":"publish","type":"product","link":"https:\/\/timeksyalitim.com.tr\/home\/product\/tyvek-airguard-reflective\/","title":{"rendered":"Tyvek Airguard Reflective"},"content":{"rendered":"<p>DuPont\u2122 markas\u0131n\u0131n bir par\u00e7as\u0131 olan\u00a0<strong>Tyvek Airguard Reflective Buhar Kesici<\/strong>\u00a0uygulanmas\u0131n\u0131n sa\u011fland\u0131\u011f\u0131 t\u00fcm cephe yal\u0131t\u0131m malzemelerinde konvektif \u0131s\u0131 kayb\u0131 oran\u0131n\u0131 azaltmakta olduk\u00e7a faydal\u0131 bir \u00fcr\u00fcnd\u00fcr.<\/p>\n<p>AirGuard\u00ae buhar kesici \u00fcr\u00fcn\u00fc genelde \u00e7at\u0131larda ve duvarlarda buharlar\u0131n kontrol tabakas\u0131 olarak kullan\u0131lmak \u00fczere geli\u015ftirilmi\u015f ve uzamas\u0131 ve y\u0131rt\u0131lmas\u0131 risklerini minimum seviyeye indirmek i\u00e7in muhte\u015fem bir g\u00fc\u00e7 ile birlikte kullan\u0131m\u0131n yap\u0131ld\u0131\u011f\u0131 alana kaliteli etkiler sa\u011flar. Ayn\u0131 zamanda AirGuard\u00a0Buhar kesici\u00a0bina ve yap\u0131lar\u0131n\u0131z\u0131n ya\u015fanabilir alanlar\u0131n\u0131n etraf\u0131nda olu\u015fan hava ak\u0131m\u0131 i\u00e7in hava ge\u00e7irmez ve adeta yap\u0131larda bir bariyer g\u00f6revi g\u00f6r\u00fcr.<\/p>\n<p>Bu muhte\u015fem \u00fcr\u00fcn yap\u0131larda k\u0131sacas\u0131 hava ve buhar kontrol\u00fcn\u00fc muhte\u015fem bir \u015fekilde sa\u011flamaktad\u0131r. Yap\u0131n\u0131n i\u00e7 kaplamas\u0131n\u0131n hemen arkas\u0131na uygulamak binalar\u0131m\u0131z\u0131n enerji harcanalarak k\u0131\u015f\u0131n \u0131s\u0131t\u0131lm\u0131\u015f ve yaz\u0131n so\u011futulmu\u015f hava ka\u00e7aklar\u0131n\u0131 kontrol alt\u0131na almaktad\u0131r. Binalar\u0131m\u0131z\u0131n kontroll\u00fc bir \u015fekilde buhar ge\u00e7i\u015fini yani nefes almas\u0131n\u0131 sa\u011flayacak Airguard muhte\u015fem bir \u00e7\u00f6z\u00fcmd\u00fcr.<\/p>\n<p><u><strong>AirGuard Reflective Buhar Kesici \u00dcr\u00fcn\u00fcn\u00fc Tercih Etmeniz Gereken Ba\u015fl\u0131ca Nedenler;<\/strong><br \/>\n<\/u><br \/>\n* CE Belgeli ve EN 13984 ile tam uyumlu plastik ve kau\u00e7uk buhar kontrol \u00f6rt\u00fcs\u00fcd\u00fcr.<br \/>\n* Ta\u015f\u0131n\u0131m kaynakl\u0131 \u0131s\u0131 kay\u0131plar\u0131n\u0131 \u00f6nlemektedir.<br \/>\n* Yo\u011fu\u015fma riskini ortadan kald\u0131r\u0131r.<br \/>\n* Is\u0131t\u0131lm\u0131\u015f veya so\u011futulmu\u015f havan\u0131n ka\u00e7\u0131\u015f\u0131n\u0131 engeller.<br \/>\n* Kesinlikle su ge\u00e7irmez.<br \/>\n* \u00dcst\u00fcn mekanik dayan\u0131kl\u0131l\u0131k sa\u011flar.<br \/>\n* Kurulumunu kolayla\u015ft\u0131rmak ad\u0131na hafiftir.<br \/>\n* E S\u0131n\u0131f\u0131 yang\u0131n dayan\u0131m\u0131 kategorisindedir.<\/p>\n<p><strong><u>AirGuard\u00ae Reflective Temel \u00d6zellikleri<\/u><\/strong><\/p>\n<p><strong>Stil:\u00a0<\/strong>ad\u0131 8207A<br \/>\n<strong>Bile\u015fimi:\u00a0<\/strong>\u00a0DuPont Typar\u00ae \u0131s\u0131l ba\u011fl\u0131 Polypropilen filamentlerin serbest bir\u015fekilde Polipropilen ve Polietilenle birle\u015fimi<br \/>\n<strong>Rulo boyutu:\u00a0<\/strong>1,50 m x 50 m\/ 2,80 m x 50 m<br \/>\n<strong>Rulo a\u011f\u0131rl\u0131\u011f\u0131:<\/strong>\u00a08 kg\/ 14.5 kg<br \/>\n<strong>Birim alan ba\u015f\u0131na k\u00fctle:<\/strong>\u00a0102 g\/m2<br \/>\n<strong>Su buhar\u0131 iletim de\u011feri:<\/strong>\u00a0(sd) 23 m<br \/>\n<strong>CE i\u015fareti:\u00a0<\/strong>Evet<\/p>\n<p>En iyi s\u0131zd\u0131rmazl\u0131k \u00f6zelli\u011fi elde etmek i\u00e7in mutlaka AirGuard ak\u0131ll\u0131 buhar \u00f6rt\u00fcs\u00fc ile tamamen uyumlu yap\u0131\u015ft\u0131r\u0131c\u0131 bantlar\u0131n kullan\u0131lmas\u0131n\u0131 da \u00f6neririz.<\/p>\n<p>*\u00a0Tyvek Akrilik Bant<br \/>\n*\u00a0Tyvek Butil Bant<\/p>\n","protected":false},"excerpt":{"rendered":"<p>DuPont\u2122 markas\u0131n\u0131n bir par\u00e7as\u0131 olan\u00a0Tyvek Airguard Reflective Buhar Kesici\u00a0uygulanmas\u0131n\u0131n sa\u011fland\u0131\u011f\u0131 t\u00fcm cephe yal\u0131t\u0131m malzemelerinde konvektif \u0131s\u0131 kayb\u0131 oran\u0131n\u0131 azaltmakta olduk\u00e7a faydal\u0131 bir \u00fcr\u00fcnd\u00fcr.<\/p>\n","protected":false},"featured_media":3756,"comment_status":"open","ping_status":"closed","template":"","meta":[],"product_brand":[],"product_cat":[159],"product_tag":[502],"class_list":{"0":"post-3755","1":"product","2":"type-product","3":"status-publish","4":"has-post-thumbnail","6":"product_cat-cephe-ortusu","7":"product_tag-tyvek-airguard-reflective","9":"first","10":"instock","11":"taxable","12":"shipping-taxable","13":"product-type-simple"},"_links":{"self":[{"href":"https:\/\/timeksyalitim.com.tr\/home\/wp-json\/wp\/v2\/product\/3755","targetHints":{"allow":["GET"]}}],"collection":[{"href":"https:\/\/timeksyalitim.com.tr\/home\/wp-json\/wp\/v2\/product"}],"about":[{"href":"https:\/\/timeksyalitim.com.tr\/home\/wp-json\/wp\/v2\/types\/product"}],"replies":[{"embeddable":true,"href":"https:\/\/timeksyalitim.com.tr\/home\/wp-json\/wp\/v2\/comments?post=3755"}],"wp:featuredmedia":[{"embeddable":true,"href":"https:\/\/timeksyalitim.com.tr\/home\/wp-json\/wp\/v2\/media\/3756"}],"wp:attachment":[{"href":"https:\/\/timeksyalitim.com.tr\/home\/wp-json\/wp\/v2\/media?parent=3755"}],"wp:term":[{"taxonomy":"product_brand","embeddable":true,"href":"https:\/\/timeksyalitim.com.tr\/home\/wp-json\/wp\/v2\/product_brand?post=3755"},{"taxonomy":"product_cat","embeddable":true,"href":"https:\/\/timeksyalitim.com.tr\/home\/wp-json\/wp\/v2\/product_cat?post=3755"},{"taxonomy":"product_tag","embeddable":true,"href":"https:\/\/timeksyalitim.com.tr\/home\/wp-json\/wp\/v2\/product_tag?post=3755"}],"curies":[{"name":"wp","href":"https:\/\/api.w.org\/{rel}","templated":true}]}}