{"id":3785,"date":"2024-01-25T14:44:46","date_gmt":"2024-01-25T11:44:46","guid":{"rendered":"https:\/\/timeksyalitim.com.tr\/home\/?post_type=product&#038;p=3785"},"modified":"2024-01-25T14:45:23","modified_gmt":"2024-01-25T11:45:23","slug":"izocam-foamboard","status":"publish","type":"product","link":"https:\/\/timeksyalitim.com.tr\/home\/product\/izocam-foamboard\/","title":{"rendered":"\u0130zocam Foamboard"},"content":{"rendered":"<p><strong>Genel Bilgiler<\/strong><br \/>\n&#8211; Is\u0131 iletkenlik beyan de\u011feri (10\u00b0C\u2019de) 0,030 \u2264 \u03bb \u2264 0,035 W\/mK\u2019dir.Kullanim yeri ve amacina g\u00f6re farkli boyut ve basma mukavemetinde, degisik kenar ve y\u00fczey sekillerinde levha olarak \u00fcretilebilmektedir.<br \/>\n&#8211; Is\u0131 iletkenlik de\u011ferine ba\u011fl\u0131 olarak \u0130zocam Foamboard \u00fcr\u00fcnleri 030 ve 035 \u0131s\u0131 iletkenlik grubundad\u0131r.<br \/>\n&#8211; Su buhar\u0131 dif\u00fczyon diren\u00e7 fakt\u00f6r\u00fc \u00b5 = 90-100\u2019d\u00fcr<br \/>\n&#8211; Kullan\u0131m s\u0131cakl\u0131\u011f\u0131 -50\/+75\u00b0C aral\u0131\u011f\u0131ndad\u0131r.<br \/>\n&#8211; %100 kapal\u0131 g\u00f6zenekli homojen h\u00fccre yap\u0131s\u0131na sahip olup b\u00fcnyesine su almamaktad\u0131r.<br \/>\n&#8211; Kapiler emicili\u011fi yoktur.<br \/>\n&#8211; Basma dayan\u0131m\u0131 \u00e7ok y\u00fcksektir.<br \/>\n&#8211; Asit ve baz kimyasallara diren\u00e7li olmas\u0131na kar\u015f\u0131n, baca gazlar\u0131, metan grubu gazlar\u0131, benzin grubu, eter, ester ve amin grubu kimyasallara kar\u015f\u0131 hassast\u0131r.<br \/>\n&#8211; G\u00fcne\u015fin mor \u00f6tesi \u0131\u015f\u0131nlar\u0131na (UV) kar\u015f\u0131 hassast\u0131r. Do\u011frudan g\u00fcne\u015f \u0131\u015f\u0131nlar\u0131ndan korunmal\u0131d\u0131r.<br \/>\n&#8211; TS EN 13501-1\u2019e g\u00f6re E s\u0131n\u0131f\u0131ndad\u0131r.<\/p>\n","protected":false},"excerpt":{"rendered":"<p>Genel Bilgiler &#8211; Is\u0131 iletkenlik beyan de\u011feri (10\u00b0C\u2019de) 0,030 \u2264 \u03bb \u2264 0,035 W\/mK\u2019dir.Kullanim yeri ve amacina g\u00f6re farkli boyut ve basma mukavemetinde, degisik kenar ve y\u00fczey sekillerinde levha olarak \u00fcretilebilmektedir. &#8211; Is\u0131 iletkenlik de\u011ferine ba\u011fl\u0131 olarak \u0130zocam Foamboard \u00fcr\u00fcnleri 030 ve 035 \u0131s\u0131 iletkenlik grubundad\u0131r. &#8211; Su buhar\u0131 dif\u00fczyon diren\u00e7 fakt\u00f6r\u00fc \u00b5 = 90-100\u2019d\u00fcr [&hellip;]<\/p>\n","protected":false},"featured_media":3786,"comment_status":"open","ping_status":"closed","template":"","meta":[],"product_brand":[],"product_cat":[15],"product_tag":[],"class_list":{"0":"post-3785","1":"product","2":"type-product","3":"status-publish","4":"has-post-thumbnail","6":"product_cat-diger","8":"first","9":"instock","10":"taxable","11":"shipping-taxable","12":"product-type-simple"},"_links":{"self":[{"href":"https:\/\/timeksyalitim.com.tr\/home\/wp-json\/wp\/v2\/product\/3785","targetHints":{"allow":["GET"]}}],"collection":[{"href":"https:\/\/timeksyalitim.com.tr\/home\/wp-json\/wp\/v2\/product"}],"about":[{"href":"https:\/\/timeksyalitim.com.tr\/home\/wp-json\/wp\/v2\/types\/product"}],"replies":[{"embeddable":true,"href":"https:\/\/timeksyalitim.com.tr\/home\/wp-json\/wp\/v2\/comments?post=3785"}],"wp:featuredmedia":[{"embeddable":true,"href":"https:\/\/timeksyalitim.com.tr\/home\/wp-json\/wp\/v2\/media\/3786"}],"wp:attachment":[{"href":"https:\/\/timeksyalitim.com.tr\/home\/wp-json\/wp\/v2\/media?parent=3785"}],"wp:term":[{"taxonomy":"product_brand","embeddable":true,"href":"https:\/\/timeksyalitim.com.tr\/home\/wp-json\/wp\/v2\/product_brand?post=3785"},{"taxonomy":"product_cat","embeddable":true,"href":"https:\/\/timeksyalitim.com.tr\/home\/wp-json\/wp\/v2\/product_cat?post=3785"},{"taxonomy":"product_tag","embeddable":true,"href":"https:\/\/timeksyalitim.com.tr\/home\/wp-json\/wp\/v2\/product_tag?post=3785"}],"curies":[{"name":"wp","href":"https:\/\/api.w.org\/{rel}","templated":true}]}}